{"id":5112,"date":"2017-06-13T16:57:41","date_gmt":"2017-06-13T14:57:41","guid":{"rendered":"https:\/\/adconia.de\/en\/?page_id=5112"},"modified":"2018-12-13T18:07:44","modified_gmt":"2018-12-13T17:07:44","slug":"presse","status":"publish","type":"page","link":"https:\/\/adconia.de\/en\/presse\/","title":{"rendered":"Presse"},"content":{"rendered":"\n<style type=\"text\/css\" data-created_by=\"avia_inline_auto\" id=\"style-css-av-e35kgo-71b77247a8d830ef00df22be3d4c759c\">\n.flex_column.av-e35kgo-71b77247a8d830ef00df22be3d4c759c{\nborder-radius:0px 0px 0px 0px;\npadding:0px 0px 0px 0px;\n}\n<\/style>\n<div  class='flex_column av-e35kgo-71b77247a8d830ef00df22be3d4c759c av_one_fifth  avia-builder-el-0  el_before_av_two_third  avia-builder-el-first  first flex_column_div av-zero-column-padding  '     ><\/div>\n\n<style type=\"text\/css\" data-created_by=\"avia_inline_auto\" id=\"style-css-av-ayguso-7845c0e3e827badce52eff944a4ad65c\">\n.flex_column.av-ayguso-7845c0e3e827badce52eff944a4ad65c{\nborder-radius:0px 0px 0px 0px;\npadding:0px 0px 0px 0px;\n}\n<\/style>\n<div  class='flex_column av-ayguso-7845c0e3e827badce52eff944a4ad65c av_two_third  avia-builder-el-1  el_after_av_one_fifth  el_before_av_one_fifth  flex_column_div av-zero-column-padding  '     ><p>\n<style type=\"text\/css\" data-created_by=\"avia_inline_auto\" id=\"style-css-av-2p31ug-c8ba8b5ffbf0a12e4ed8d04dc2b2c9b3\">\n#top .av-special-heading.av-2p31ug-c8ba8b5ffbf0a12e4ed8d04dc2b2c9b3{\npadding-bottom:10px;\n}\nbody .av-special-heading.av-2p31ug-c8ba8b5ffbf0a12e4ed8d04dc2b2c9b3 .av-special-heading-tag .heading-char{\nfont-size:25px;\n}\n.av-special-heading.av-2p31ug-c8ba8b5ffbf0a12e4ed8d04dc2b2c9b3 .av-subheading{\nfont-size:15px;\n}\n<\/style>\n<div  class='av-special-heading av-2p31ug-c8ba8b5ffbf0a12e4ed8d04dc2b2c9b3 av-special-heading-h3  avia-builder-el-2  el_before_av_textblock  avia-builder-el-first '><h3 class='av-special-heading-tag '  itemprop=\"headline\"  >Kontakt f\u00fcr Redaktionen und Journalisten<\/h3><div class=\"special-heading-border\"><div class=\"special-heading-inner-border\"><\/div><\/div><\/div><br \/>\n<section  class='av_textblock_section av-8vpvso-670b3c3b5bd13ed41d3626c7f4cf5c90 '   itemscope=\"itemscope\" itemtype=\"https:\/\/schema.org\/CreativeWork\" ><div class='avia_textblock'  itemprop=\"text\" ><p>Sie w\u00fcnschen Presseinformationen \u00fcber ADCONIA oder inhaltliche Unterst\u00fctzung zu den Themen Einkauf 4.0, Supply Chain Expertise oder Digitalisierung von Einkaufsprozessen? Melden Sie sich gern unter 0208 &#8211; 620 162-20 oder unter info@adconia.de<\/p>\n<div  class='hr av-7az24o-88e5e557cf68816a96768b17b1f39985 hr-default  avia-builder-el-4  avia-builder-el-no-sibling '><span class='hr-inner '><span class=\"hr-inner-style\"><\/span><\/span><\/div>\n<\/div><\/section><\/p><\/div>\n\n<style type=\"text\/css\" data-created_by=\"avia_inline_auto\" id=\"style-css-av-68c0yw-29700db634431f7194947b417796aea0\">\n.flex_column.av-68c0yw-29700db634431f7194947b417796aea0{\nborder-radius:0px 0px 0px 0px;\npadding:0px 0px 0px 0px;\n}\n<\/style>\n<div  class='flex_column av-68c0yw-29700db634431f7194947b417796aea0 av_one_fifth  avia-builder-el-5  el_after_av_two_third  el_before_av_two_third  first flex_column_div av-zero-column-padding  column-top-margin'     ><\/div>\n\n<style type=\"text\/css\" data-created_by=\"avia_inline_auto\" id=\"style-css-av-49j5pk-651da9253cc0f9794ad07e06b4783574\">\n.flex_column.av-49j5pk-651da9253cc0f9794ad07e06b4783574{\nborder-radius:0px 0px 0px 0px;\npadding:0px 0px 0px 0px;\n}\n<\/style>\n<div  class='flex_column av-49j5pk-651da9253cc0f9794ad07e06b4783574 av_two_third  avia-builder-el-6  el_after_av_one_fifth  el_before_av_one_fifth  flex_column_div av-zero-column-padding  column-top-margin'     ><section  class='av_textblock_section av-3017ns-9e446f232a03ed95c38287ad6d73b7ca '   itemscope=\"itemscope\" itemtype=\"https:\/\/schema.org\/CreativeWork\" ><div class='avia_textblock'  itemprop=\"text\" ><p><img loading=\"lazy\" decoding=\"async\" class=\"alignnone wp-image-6484\" src=\"https:\/\/adconia.de\/en\/wp-content\/uploads\/sites\/5\/2018\/12\/csm_mbi-logo_615dcae4c1-300x101.png\" alt=\"\" width=\"200\" height=\"67\" \/><\/p>\n<div data-canvas-width=\"428.7786666666665\"><strong>Die DSGVO ist eine Chance, um das Lieferantenmanagement zu professionalisieren<\/strong><\/div>\n<div data-canvas-width=\"434.61333333333374\"><\/div>\n<div data-canvas-width=\"338.4133333333337\">Der Countdown f\u00fcr den 25. Mai 2018 l\u00e4uft: Laufende Vertr\u00e4ge und der Umgang mit personenbezogenen Daten sind hinsichtlich ihrer Konformit\u00e4t in Sachen EU-Datenschutzgrundverordnung (DSGVO) zu pr\u00fcfen. Neuvertr\u00e4ge brauchen eine solide Basis. Alle Ma\u00dfnahmen sind l\u00fcckenlos zu belegen. Das bedeutet zugleich auch die Chance, das Lieferantenmanagement zu professionalisieren. Ein Gastbeitrag von Oliver Kreienbrink, Gesch\u00e4ftsf\u00fchrer der VDMG consult GmbH.<\/div>\n<p>Lesen Sie den Gastbeitrag hier als PDF-Download\u00a0 <a href=\"http:\/\/vdmg-consult.de\/wp-content\/uploads\/2018\/02\/EIM-Datenschutz_VDMG.pdf\" target=\"_blank\" rel=\"noopener\">EIM-VDMG consult<\/a><\/p>\n<\/div><\/section><\/div>\n\n<style type=\"text\/css\" data-created_by=\"avia_inline_auto\" id=\"style-css-av-68c0yw-29700db634431f7194947b417796aea0\">\n.flex_column.av-68c0yw-29700db634431f7194947b417796aea0{\nborder-radius:0px 0px 0px 0px;\npadding:0px 0px 0px 0px;\n}\n<\/style>\n<div  class='flex_column av-68c0yw-29700db634431f7194947b417796aea0 av_one_fifth  avia-builder-el-8  el_after_av_two_third  el_before_av_two_third  first flex_column_div av-zero-column-padding  column-top-margin'     ><\/div>\n\n<style type=\"text\/css\" data-created_by=\"avia_inline_auto\" id=\"style-css-av-49j5pk-651da9253cc0f9794ad07e06b4783574\">\n.flex_column.av-49j5pk-651da9253cc0f9794ad07e06b4783574{\nborder-radius:0px 0px 0px 0px;\npadding:0px 0px 0px 0px;\n}\n<\/style>\n<div  class='flex_column av-49j5pk-651da9253cc0f9794ad07e06b4783574 av_two_third  avia-builder-el-9  el_after_av_one_fifth  el_before_av_one_fifth  flex_column_div av-zero-column-padding  column-top-margin'     ><section  class='av_textblock_section av-3017ns-9e446f232a03ed95c38287ad6d73b7ca '   itemscope=\"itemscope\" itemtype=\"https:\/\/schema.org\/CreativeWork\" ><div class='avia_textblock'  itemprop=\"text\" ><p><img loading=\"lazy\" decoding=\"async\" class=\"alignnone wp-image-5378 size-medium\" src=\"https:\/\/adconia.de\/en\/wp-content\/uploads\/sites\/5\/2018\/12\/Portrait-Gregor-van-Ackeren-300x198.png\" alt=\"\" width=\"300\" height=\"198\" srcset=\"https:\/\/adconia.de\/en\/wp-content\/uploads\/sites\/5\/2018\/12\/Portrait-Gregor-van-Ackeren-300x198.png 300w, https:\/\/adconia.de\/en\/wp-content\/uploads\/sites\/5\/2018\/12\/Portrait-Gregor-van-Ackeren-768x506.png 768w, https:\/\/adconia.de\/en\/wp-content\/uploads\/sites\/5\/2018\/12\/Portrait-Gregor-van-Ackeren-705x465.png 705w, https:\/\/adconia.de\/en\/wp-content\/uploads\/sites\/5\/2018\/12\/Portrait-Gregor-van-Ackeren-450x297.png 450w, https:\/\/adconia.de\/en\/wp-content\/uploads\/sites\/5\/2018\/12\/Portrait-Gregor-van-Ackeren.png 950w\" sizes=\"auto, (max-width: 300px) 100vw, 300px\" \/><\/p>\n<p><strong>Vorangehen und nicht abwarten, bis Wettbewerber zucken<\/strong><\/p>\n<p>Ein Trend suggeriert, dass noch Zeit zum Anpassen ist. Auf die Digitalisierung trifft das l\u00e4ngst nicht mehr zu. Das Thema spannt sich \u00fcber alle Trends hinweg. Ein aktueller Trend ist z.B., Wirtschaftlichkeit, Arbeitsbedingungen und soziale Verantwortung im Dreiklang zu managen. Schnelle ROIs, Mitarbeiterzufriedenheit und CSR-Ma\u00dfnahmen mit signifikanter Senkung der CO2-Emissionen sind durch intelligente Finanzierungsformen unkompliziert realisierbar. Gr\u00fcn rechnet sich zunehmend. Aber nur dann, wenn Zusammenh\u00e4nge transparent und nachvollziehbar sind, Handeln auf messbaren Fakten basiert und nicht auf Trendannahmen. Ein Gastbeitrag von Gregor von Ackeren.<\/p>\n<p>Eink\u00e4ufer im Markt, 1\/2017, <a href=\"http:\/\/www.mbi-infosource.de\/\" target=\"_blank\" rel=\"noopener\">http:\/\/www.mbi-infosource.de\/<\/a><br \/>\n(PDF-Auszug dem 12-seitigen Informationsdienst)<\/p>\n<p>als PDF-Download\u00a0 <a href=\"https:\/\/adconia.de\/en\/wp-content\/uploads\/sites\/5\/2018\/12\/Eink\u00e4ufer-im-Markt-02-Januar-2018_Gastkommentar-GvanAckeren.pdf\" target=\"_blank\" rel=\"noopener\">EIM-VDMG consult<\/a><\/p>\n<\/div><\/section><\/div>\n<style type=\"text\/css\" data-created_by=\"avia_inline_auto\" id=\"style-css-av-68c0yw-29700db634431f7194947b417796aea0\">\n.flex_column.av-68c0yw-29700db634431f7194947b417796aea0{\nborder-radius:0px 0px 0px 0px;\npadding:0px 0px 0px 0px;\n}\n<\/style>\n<div  class='flex_column av-68c0yw-29700db634431f7194947b417796aea0 av_one_fifth  avia-builder-el-11  el_after_av_two_third  el_before_av_two_third  first flex_column_div av-zero-column-padding  column-top-margin'     ><\/div><\/p>\n\n<style type=\"text\/css\" data-created_by=\"avia_inline_auto\" id=\"style-css-av-49j5pk-651da9253cc0f9794ad07e06b4783574\">\n.flex_column.av-49j5pk-651da9253cc0f9794ad07e06b4783574{\nborder-radius:0px 0px 0px 0px;\npadding:0px 0px 0px 0px;\n}\n<\/style>\n<div  class='flex_column av-49j5pk-651da9253cc0f9794ad07e06b4783574 av_two_third  avia-builder-el-12  el_after_av_one_fifth  avia-builder-el-last  flex_column_div av-zero-column-padding  column-top-margin'     ><section  class='av_textblock_section av-3017ns-9e446f232a03ed95c38287ad6d73b7ca '   itemscope=\"itemscope\" itemtype=\"https:\/\/schema.org\/CreativeWork\" ><div class='avia_textblock'  itemprop=\"text\" ><p><img loading=\"lazy\" decoding=\"async\" class=\"alignnone wp-image-5341 size-medium\" src=\"https:\/\/adconia.de\/en\/wp-content\/uploads\/sites\/5\/2013\/06\/ADCONIA_Leadingship-300x130.png\" alt=\"\" width=\"300\" height=\"130\" srcset=\"https:\/\/adconia.de\/en\/wp-content\/uploads\/sites\/5\/2013\/06\/ADCONIA_Leadingship-300x130.png 300w, https:\/\/adconia.de\/en\/wp-content\/uploads\/sites\/5\/2013\/06\/ADCONIA_Leadingship-768x334.png 768w, https:\/\/adconia.de\/en\/wp-content\/uploads\/sites\/5\/2013\/06\/ADCONIA_Leadingship-1030x448.png 1030w, https:\/\/adconia.de\/en\/wp-content\/uploads\/sites\/5\/2013\/06\/ADCONIA_Leadingship-705x306.png 705w, https:\/\/adconia.de\/en\/wp-content\/uploads\/sites\/5\/2013\/06\/ADCONIA_Leadingship-450x196.png 450w, https:\/\/adconia.de\/en\/wp-content\/uploads\/sites\/5\/2013\/06\/ADCONIA_Leadingship.png 1440w\" sizes=\"auto, (max-width: 300px) 100vw, 300px\" \/><\/p>\n<p><strong>Interview in der\u00a0BUSINESS+LOGISTIC, \u00d6sterreich<\/strong><\/p>\n<p><strong>Gregor van Ackeren und Oliver Kreienbrink: &#8222;Unternehmen m\u00fcssen Lieferketten absichern&#8220;<\/strong><\/p>\n<p>Unter <a href=\"https:\/\/adconia.de\/en\/wp-content\/uploads\/sites\/5\/2017\/06\/Lieferkette_Politik_Risiko_w_BL_8_2016_SU-1.pdf\">diesem link finden Sie<\/a> das vollst\u00e4ndige Interview mit den Gesch\u00e4ftsf\u00fchrern der VDMG consult mit dem \u00f6sterreichischen Fachblatt BUSINESS+LOGISTIC als Download.<\/p>\n<\/div><\/section><\/div>\n","protected":false},"excerpt":{"rendered":"","protected":false},"author":2,"featured_media":0,"parent":0,"menu_order":0,"comment_status":"closed","ping_status":"closed","template":"","meta":{"content-type":"","_improvement_type_select":"improve_an_existing","_thumb_yes_seoaic":false,"_frame_yes_seoaic":false,"seoaic_generate_description":"","seoaic_improve_instructions_prompt":"","seoaic_rollback_content_improvement":"","seoaic_idea_thumbnail_generator":"","thumbnail_generated":false,"thumbnail_generate_prompt":"","seoaic_article_description":"","footnotes":""},"class_list":["post-5112","page","type-page","status-publish","hentry"],"yoast_head":"<!-- This site is optimized with the Yoast SEO plugin v27.5 - https:\/\/yoast.com\/product\/yoast-seo-wordpress\/ -->\n<title>Presse - ADCONIA<\/title>\n<meta name=\"robots\" content=\"index, follow, max-snippet:-1, max-image-preview:large, max-video-preview:-1\" \/>\n<link rel=\"canonical\" href=\"https:\/\/adconia.de\/en\/presse\/\" \/>\n<meta property=\"og:locale\" content=\"de_DE\" \/>\n<meta property=\"og:type\" content=\"article\" \/>\n<meta property=\"og:title\" content=\"Presse - ADCONIA\" \/>\n<meta property=\"og:url\" content=\"https:\/\/adconia.de\/en\/presse\/\" \/>\n<meta property=\"og:site_name\" content=\"ADCONIA\" \/>\n<meta property=\"article:modified_time\" content=\"2018-12-13T17:07:44+00:00\" \/>\n<meta property=\"og:image\" content=\"https:\/\/adconia.de\/en\/wp-content\/uploads\/sites\/5\/2018\/12\/csm_mbi-logo_615dcae4c1-300x101.png\" \/>\n<meta name=\"twitter:card\" content=\"summary_large_image\" \/>\n<meta name=\"twitter:label1\" content=\"Gesch\u00e4tzte Lesezeit\" \/>\n\t<meta name=\"twitter:data1\" content=\"4\u00a0Minuten\" \/>\n<script type=\"application\/ld+json\" class=\"yoast-schema-graph\">{\"@context\":\"https:\\\/\\\/schema.org\",\"@graph\":[{\"@type\":\"WebPage\",\"@id\":\"https:\\\/\\\/adconia.de\\\/en\\\/presse\\\/\",\"url\":\"https:\\\/\\\/adconia.de\\\/en\\\/presse\\\/\",\"name\":\"Presse - ADCONIA\",\"isPartOf\":{\"@id\":\"https:\\\/\\\/adconia.de\\\/en\\\/#website\"},\"primaryImageOfPage\":{\"@id\":\"https:\\\/\\\/adconia.de\\\/en\\\/presse\\\/#primaryimage\"},\"image\":{\"@id\":\"https:\\\/\\\/adconia.de\\\/en\\\/presse\\\/#primaryimage\"},\"thumbnailUrl\":\"https:\\\/\\\/adconia.de\\\/en\\\/wp-content\\\/uploads\\\/sites\\\/5\\\/2018\\\/12\\\/csm_mbi-logo_615dcae4c1-300x101.png\",\"datePublished\":\"2017-06-13T14:57:41+00:00\",\"dateModified\":\"2018-12-13T17:07:44+00:00\",\"breadcrumb\":{\"@id\":\"https:\\\/\\\/adconia.de\\\/en\\\/presse\\\/#breadcrumb\"},\"inLanguage\":\"de\",\"potentialAction\":[{\"@type\":\"ReadAction\",\"target\":[\"https:\\\/\\\/adconia.de\\\/en\\\/presse\\\/\"]}]},{\"@type\":\"ImageObject\",\"inLanguage\":\"de\",\"@id\":\"https:\\\/\\\/adconia.de\\\/en\\\/presse\\\/#primaryimage\",\"url\":\"https:\\\/\\\/adconia.de\\\/en\\\/wp-content\\\/uploads\\\/sites\\\/5\\\/2018\\\/12\\\/csm_mbi-logo_615dcae4c1-300x101.png\",\"contentUrl\":\"https:\\\/\\\/adconia.de\\\/en\\\/wp-content\\\/uploads\\\/sites\\\/5\\\/2018\\\/12\\\/csm_mbi-logo_615dcae4c1-300x101.png\"},{\"@type\":\"BreadcrumbList\",\"@id\":\"https:\\\/\\\/adconia.de\\\/en\\\/presse\\\/#breadcrumb\",\"itemListElement\":[{\"@type\":\"ListItem\",\"position\":1,\"name\":\"Startseite\",\"item\":\"https:\\\/\\\/adconia.de\\\/en\\\/\"},{\"@type\":\"ListItem\",\"position\":2,\"name\":\"Presse\"}]},{\"@type\":\"WebSite\",\"@id\":\"https:\\\/\\\/adconia.de\\\/en\\\/#website\",\"url\":\"https:\\\/\\\/adconia.de\\\/en\\\/\",\"name\":\"ADCONIA\",\"description\":\"Einkauf 4.0\",\"potentialAction\":[{\"@type\":\"SearchAction\",\"target\":{\"@type\":\"EntryPoint\",\"urlTemplate\":\"https:\\\/\\\/adconia.de\\\/en\\\/?s={search_term_string}\"},\"query-input\":{\"@type\":\"PropertyValueSpecification\",\"valueRequired\":true,\"valueName\":\"search_term_string\"}}],\"inLanguage\":\"de\"}]}<\/script>\n<!-- \/ Yoast SEO plugin. -->","yoast_head_json":{"title":"Presse - ADCONIA","robots":{"index":"index","follow":"follow","max-snippet":"max-snippet:-1","max-image-preview":"max-image-preview:large","max-video-preview":"max-video-preview:-1"},"canonical":"https:\/\/adconia.de\/en\/presse\/","og_locale":"de_DE","og_type":"article","og_title":"Presse - ADCONIA","og_url":"https:\/\/adconia.de\/en\/presse\/","og_site_name":"ADCONIA","article_modified_time":"2018-12-13T17:07:44+00:00","og_image":[{"url":"https:\/\/adconia.de\/en\/wp-content\/uploads\/sites\/5\/2018\/12\/csm_mbi-logo_615dcae4c1-300x101.png","type":"","width":"","height":""}],"twitter_card":"summary_large_image","twitter_misc":{"Gesch\u00e4tzte Lesezeit":"4\u00a0Minuten"},"schema":{"@context":"https:\/\/schema.org","@graph":[{"@type":"WebPage","@id":"https:\/\/adconia.de\/en\/presse\/","url":"https:\/\/adconia.de\/en\/presse\/","name":"Presse - ADCONIA","isPartOf":{"@id":"https:\/\/adconia.de\/en\/#website"},"primaryImageOfPage":{"@id":"https:\/\/adconia.de\/en\/presse\/#primaryimage"},"image":{"@id":"https:\/\/adconia.de\/en\/presse\/#primaryimage"},"thumbnailUrl":"https:\/\/adconia.de\/en\/wp-content\/uploads\/sites\/5\/2018\/12\/csm_mbi-logo_615dcae4c1-300x101.png","datePublished":"2017-06-13T14:57:41+00:00","dateModified":"2018-12-13T17:07:44+00:00","breadcrumb":{"@id":"https:\/\/adconia.de\/en\/presse\/#breadcrumb"},"inLanguage":"de","potentialAction":[{"@type":"ReadAction","target":["https:\/\/adconia.de\/en\/presse\/"]}]},{"@type":"ImageObject","inLanguage":"de","@id":"https:\/\/adconia.de\/en\/presse\/#primaryimage","url":"https:\/\/adconia.de\/en\/wp-content\/uploads\/sites\/5\/2018\/12\/csm_mbi-logo_615dcae4c1-300x101.png","contentUrl":"https:\/\/adconia.de\/en\/wp-content\/uploads\/sites\/5\/2018\/12\/csm_mbi-logo_615dcae4c1-300x101.png"},{"@type":"BreadcrumbList","@id":"https:\/\/adconia.de\/en\/presse\/#breadcrumb","itemListElement":[{"@type":"ListItem","position":1,"name":"Startseite","item":"https:\/\/adconia.de\/en\/"},{"@type":"ListItem","position":2,"name":"Presse"}]},{"@type":"WebSite","@id":"https:\/\/adconia.de\/en\/#website","url":"https:\/\/adconia.de\/en\/","name":"ADCONIA","description":"Einkauf 4.0","potentialAction":[{"@type":"SearchAction","target":{"@type":"EntryPoint","urlTemplate":"https:\/\/adconia.de\/en\/?s={search_term_string}"},"query-input":{"@type":"PropertyValueSpecification","valueRequired":true,"valueName":"search_term_string"}}],"inLanguage":"de"}]}},"_links":{"self":[{"href":"https:\/\/adconia.de\/en\/wp-json\/wp\/v2\/pages\/5112","targetHints":{"allow":["GET"]}}],"collection":[{"href":"https:\/\/adconia.de\/en\/wp-json\/wp\/v2\/pages"}],"about":[{"href":"https:\/\/adconia.de\/en\/wp-json\/wp\/v2\/types\/page"}],"author":[{"embeddable":true,"href":"https:\/\/adconia.de\/en\/wp-json\/wp\/v2\/users\/2"}],"replies":[{"embeddable":true,"href":"https:\/\/adconia.de\/en\/wp-json\/wp\/v2\/comments?post=5112"}],"version-history":[{"count":13,"href":"https:\/\/adconia.de\/en\/wp-json\/wp\/v2\/pages\/5112\/revisions"}],"predecessor-version":[{"id":6478,"href":"https:\/\/adconia.de\/en\/wp-json\/wp\/v2\/pages\/5112\/revisions\/6478"}],"wp:attachment":[{"href":"https:\/\/adconia.de\/en\/wp-json\/wp\/v2\/media?parent=5112"}],"curies":[{"name":"wp","href":"https:\/\/api.w.org\/{rel}","templated":true}]}}